{"id":785,"date":"2025-10-31T09:56:48","date_gmt":"2025-10-31T09:56:48","guid":{"rendered":"https:\/\/motosratera.com\/?post_type=product&#038;p=785"},"modified":"2026-03-20T16:34:52","modified_gmt":"2026-03-20T16:34:52","slug":"piaggio-beverly-300-s-abs-asr","status":"publish","type":"product","link":"https:\/\/motosratera.com\/index.php\/product\/piaggio-beverly-300-s-abs-asr\/","title":{"rendered":"PIAGGIO BEVERLY 300 S ABS ASR"},"content":{"rendered":"<p><strong>VENDIDA<\/strong><\/p>\n<p>Scooter ideal para ciudad y cercan\u00edas, \u00e1gil, ligero y de bajo consumo y mantenimiento.<br \/>\nTotalmente revisada y garant\u00eda de 1 a\u00f1o por escrito.<br \/>\nInyecci\u00f3n electr\u00f3nica, ABS, ASR, refrigeraci\u00f3n l\u00edquida.<br \/>\nMuy buen estado. Tiene maletero bajo el sill\u00edn con capacidad para un casco integral, pit\u00f3n antirrobo .<\/p>\n<p>Entregamos con ITV en vigor hasta Junio 2027. 18,8cv Etiqueta medioambiental C Verde sin restricciones de movilidad en las grandes ciudades.<\/p>\n<p>Financiamos a 12 meses sin intereses con o sin entrada, y hasta a 4 a\u00f1os con intereses (115\/mes en 24 meses). Tambi\u00e9n aceptamos pago con VISA.<\/p>\n<p>Aceptamos cambios por otras motocicletas. Aceptamos cambios por bicicletas de alta gama y con menos de 4 a\u00f1os tipo BTT, carretera y Brompton.<\/p>\n<p>Env\u00edos a toda Espa\u00f1a (entre 100-160 euros).<\/p>\n<p>COMPRAMOS SCOOTERS, MAXISCOOTERS, MOTOCICLETAS Y BICICLETAS AL CONTADO Y EN EL ACTO.<\/p>\n","protected":false},"excerpt":{"rendered":"<p><strong>VENDIDA<\/strong>\/ Scooter ideal para ciudad y cercan\u00edas, \u00e1gil, ligero y de bajo consumo y mantenimiento.<\/p>\n","protected":false},"featured_media":786,"template":"","meta":[],"product_cat":[25,20],"product_tag":[143,144,63,31,141,142],"_links":{"self":[{"href":"https:\/\/motosratera.com\/index.php\/wp-json\/wp\/v2\/product\/785"}],"collection":[{"href":"https:\/\/motosratera.com\/index.php\/wp-json\/wp\/v2\/product"}],"about":[{"href":"https:\/\/motosratera.com\/index.php\/wp-json\/wp\/v2\/types\/product"}],"wp:featuredmedia":[{"embeddable":true,"href":"https:\/\/motosratera.com\/index.php\/wp-json\/wp\/v2\/media\/786"}],"wp:attachment":[{"href":"https:\/\/motosratera.com\/index.php\/wp-json\/wp\/v2\/media?parent=785"}],"wp:term":[{"taxonomy":"product_cat","embeddable":true,"href":"https:\/\/motosratera.com\/index.php\/wp-json\/wp\/v2\/product_cat?post=785"},{"taxonomy":"product_tag","embeddable":true,"href":"https:\/\/motosratera.com\/index.php\/wp-json\/wp\/v2\/product_tag?post=785"}],"curies":[{"name":"wp","href":"https:\/\/api.w.org\/{rel}","templated":true}]}}