{"id":870,"date":"2025-12-10T11:59:21","date_gmt":"2025-12-10T11:59:21","guid":{"rendered":"https:\/\/motosratera.com\/?post_type=product&#038;p=870"},"modified":"2026-03-25T18:40:05","modified_gmt":"2026-03-25T18:40:05","slug":"suzuki-burgman-125fi","status":"publish","type":"product","link":"https:\/\/motosratera.com\/index.php\/product\/suzuki-burgman-125fi\/","title":{"rendered":"SUZUKI BURGMAN 125FI"},"content":{"rendered":"<p><strong>VENDIDA<\/strong><\/p>\n<p>Scooter ideal para ciudad y cercan\u00edas, \u00e1gil, ligero y de bajo consumo y mantenimiento.<br \/>\nTotalmente revisada y garant\u00eda de 1 a\u00f1o por escrito.<br \/>\nInyecci\u00f3n electr\u00f3nica, refrigeraci\u00f3n l\u00edquida.<br \/>\nMuy buen estado. Tiene maletero bajo el sill\u00edn con capacidad para dos cascos integrales, pit\u00f3n antirrobo y maleta top case de gran capacidad. Se puede conducir con carnet de coche B seg\u00fan normativa actual.<br \/>\n12,4 c.v.<br \/>\nEntregamos con ITV en vigor hasta febrero 2027 . Etiqueta medioambiental C Verde sin restricciones de movilidad en las grandes ciudades.<\/p>\n<p>Financiamos a 12 meses sin intereses con o sin entrada (108\/mes), y hasta a 4 a\u00f1os con intereses (53\/mes en 24 meses). Tambi\u00e9n aceptamos pago con VISA.<\/p>\n<p>Aceptamos cambios por otras motocicletas. Aceptamos cambios por bicicletas de alta gama y con menos de 4 a\u00f1os tipo BTT, carretera y Brompton.<\/p>\n<p>Env\u00edos a toda Espa\u00f1a (entre 100-160 euros).<\/p>\n<p>COMPRAMOS SCOOTERS, MAXISCOOTERS, MOTOCICLETAS Y BICICLETAS AL CONTADO Y EN EL ACTO.<\/p>\n","protected":false},"excerpt":{"rendered":"<p><strong>VENDIDA<\/strong> \/ Maxiscooter ideal para ciudad y cercan\u00edas, \u00e1gil, ligero y de bajo consumo y mantenimiento.<\/p>\n","protected":false},"featured_media":871,"template":"","meta":[],"product_cat":[25],"product_tag":[156,35,36,155],"_links":{"self":[{"href":"https:\/\/motosratera.com\/index.php\/wp-json\/wp\/v2\/product\/870"}],"collection":[{"href":"https:\/\/motosratera.com\/index.php\/wp-json\/wp\/v2\/product"}],"about":[{"href":"https:\/\/motosratera.com\/index.php\/wp-json\/wp\/v2\/types\/product"}],"wp:featuredmedia":[{"embeddable":true,"href":"https:\/\/motosratera.com\/index.php\/wp-json\/wp\/v2\/media\/871"}],"wp:attachment":[{"href":"https:\/\/motosratera.com\/index.php\/wp-json\/wp\/v2\/media?parent=870"}],"wp:term":[{"taxonomy":"product_cat","embeddable":true,"href":"https:\/\/motosratera.com\/index.php\/wp-json\/wp\/v2\/product_cat?post=870"},{"taxonomy":"product_tag","embeddable":true,"href":"https:\/\/motosratera.com\/index.php\/wp-json\/wp\/v2\/product_tag?post=870"}],"curies":[{"name":"wp","href":"https:\/\/api.w.org\/{rel}","templated":true}]}}