{"id":928,"date":"2026-03-20T17:39:04","date_gmt":"2026-03-20T17:39:04","guid":{"rendered":"https:\/\/motosratera.com\/?post_type=product&#038;p=928"},"modified":"2026-03-20T17:43:40","modified_gmt":"2026-03-20T17:43:40","slug":"yamaha-xmax-125-5","status":"publish","type":"product","link":"https:\/\/motosratera.com\/index.php\/product\/yamaha-xmax-125-5\/","title":{"rendered":"YAMAHA XMAX 125 ABS"},"content":{"rendered":"<p>Scooter ideal para ciudad y cercan\u00edas, \u00e1gil, ligero y de bajo consumo y mantenimiento.<br \/>\nTotalmente revisada y garant\u00eda de 1 a\u00f1o por escrito.<br \/>\nInyecci\u00f3n electr\u00f3nica, ABS, refrigeraci\u00f3n l\u00edquida.<br \/>\nMuy buen estado. Tiene maletero bajo el sill\u00edn con capacidad para dos cascos integrales. Antirrobo tipo pit\u00f3n al manillar.<br \/>\nSe puede conducir con carnet de coche B seg\u00fan normativa actual.<br \/>\n14,3c.v.<br \/>\nEntregamos con ITV en vigor. Etiqueta medioambiental C Verde sin restricciones de movilidad en las grandes ciudades.<\/p>\n<p>Financiamos a 12 meses sin intereses con o sin entrada (191\u20ac\/mes), y hasta a 4 a\u00f1os con intereses (112\/mes en 24 meses). Tambi\u00e9n aceptamos pago con VISA.<\/p>\n<p>Aceptamos cambios por otras motocicletas. Aceptamos cambios por bicicletas de alta gama y con menos de 4 a\u00f1os tipo BTT, carretera y Brompton.<\/p>\n<p>Env\u00edos a toda Espa\u00f1a (entre 100-160 euros).<\/p>\n<p>COMPRAMOS SCOOTERS, MAXISCOOTERS, MOTOCICLETAS Y BICICLETAS AL CONTADO Y EN EL ACTO.<\/p>\n","protected":false},"excerpt":{"rendered":"<p>Scooter ideal para ciudad y cercan\u00edas, \u00e1gil, ligero y de bajo consumo y mantenimiento.<\/p>\n","protected":false},"featured_media":929,"template":"","meta":[],"product_cat":[25],"product_tag":[63,62,27,61],"_links":{"self":[{"href":"https:\/\/motosratera.com\/index.php\/wp-json\/wp\/v2\/product\/928"}],"collection":[{"href":"https:\/\/motosratera.com\/index.php\/wp-json\/wp\/v2\/product"}],"about":[{"href":"https:\/\/motosratera.com\/index.php\/wp-json\/wp\/v2\/types\/product"}],"wp:featuredmedia":[{"embeddable":true,"href":"https:\/\/motosratera.com\/index.php\/wp-json\/wp\/v2\/media\/929"}],"wp:attachment":[{"href":"https:\/\/motosratera.com\/index.php\/wp-json\/wp\/v2\/media?parent=928"}],"wp:term":[{"taxonomy":"product_cat","embeddable":true,"href":"https:\/\/motosratera.com\/index.php\/wp-json\/wp\/v2\/product_cat?post=928"},{"taxonomy":"product_tag","embeddable":true,"href":"https:\/\/motosratera.com\/index.php\/wp-json\/wp\/v2\/product_tag?post=928"}],"curies":[{"name":"wp","href":"https:\/\/api.w.org\/{rel}","templated":true}]}}