{"id":956,"date":"2026-03-25T18:34:55","date_gmt":"2026-03-25T18:34:55","guid":{"rendered":"https:\/\/motosratera.com\/?post_type=product&#038;p=956"},"modified":"2026-03-25T18:39:10","modified_gmt":"2026-03-25T18:39:10","slug":"piaggio-liberty-50-i-get","status":"publish","type":"product","link":"https:\/\/motosratera.com\/index.php\/product\/piaggio-liberty-50-i-get\/","title":{"rendered":"PIAGGIO LIBERTY 50 I-GET"},"content":{"rendered":"<p>Scooter ideal para ciudad y cercan\u00edas, \u00e1gil, ligero y de bajo consumo y mantenimiento.<br \/>\nTotalmente revisada y garant\u00eda de 1 a\u00f1o por escrito.<br \/>\nInyecci\u00f3n electr\u00f3nica. 3,2C.V.<br \/>\nComo nueva. Maleta top case original de Piaggio y antirrobo tipo pit\u00f3n al manillar.<br \/>\nTiene maletero bajo el sill\u00edn con capacidad para un casco.<\/p>\n<p>Entregamos con ITV en vigor hasta septiembre del 2027. Etiqueta medioambiental C Verde sin restricciones de movilidad en las grandes ciudades.<\/p>\n<p>Financiamos a 12 meses sin intereses con o sin entrada (150\/mes), y hasta a 4 a\u00f1os con intereses (88\/mes en 24 meses). Tambi\u00e9n aceptamos pago con VISA.<\/p>\n<p>Aceptamos cambios por otras motocicletas. Aceptamos cambios por bicicletas de alta gama y con menos de 4 a\u00f1os tipo BTT, carretera y Brompton.<\/p>\n<p>Env\u00edos a toda Espa\u00f1a (entre 100-160 euros).<\/p>\n<p>COMPRAMOS SCOOTERS, MAXISCOOTERS, MOTOCICLETAS Y BICICLETAS AL CONTADO Y EN EL ACTO.<\/p>\n","protected":false},"excerpt":{"rendered":"<p>Ciclomotor ideal para ciudad y cercan\u00edas, moto \u00e1gil, r\u00e1pida, estable y de muy alta calidad.<\/p>\n","protected":false},"featured_media":957,"template":"","meta":[],"product_cat":[29,20],"product_tag":[30,161,162,31,55,159,160],"_links":{"self":[{"href":"https:\/\/motosratera.com\/index.php\/wp-json\/wp\/v2\/product\/956"}],"collection":[{"href":"https:\/\/motosratera.com\/index.php\/wp-json\/wp\/v2\/product"}],"about":[{"href":"https:\/\/motosratera.com\/index.php\/wp-json\/wp\/v2\/types\/product"}],"wp:featuredmedia":[{"embeddable":true,"href":"https:\/\/motosratera.com\/index.php\/wp-json\/wp\/v2\/media\/957"}],"wp:attachment":[{"href":"https:\/\/motosratera.com\/index.php\/wp-json\/wp\/v2\/media?parent=956"}],"wp:term":[{"taxonomy":"product_cat","embeddable":true,"href":"https:\/\/motosratera.com\/index.php\/wp-json\/wp\/v2\/product_cat?post=956"},{"taxonomy":"product_tag","embeddable":true,"href":"https:\/\/motosratera.com\/index.php\/wp-json\/wp\/v2\/product_tag?post=956"}],"curies":[{"name":"wp","href":"https:\/\/api.w.org\/{rel}","templated":true}]}}